{"id":7975,"date":"2022-09-02T05:08:50","date_gmt":"2022-09-02T05:08:50","guid":{"rendered":"https:\/\/mantonio.net\/?page_id=7975"},"modified":"2023-01-27T08:17:55","modified_gmt":"2023-01-27T08:17:55","slug":"advogados-estagiarios","status":"publish","type":"page","link":"https:\/\/mantonio.net\/pt-pt\/equipa\/advogados-estagiarios\/","title":{"rendered":"Advogados Estagi\u00e1rios"},"content":{"rendered":"\t\t<div data-elementor-type=\"wp-page\" data-elementor-id=\"7975\" class=\"elementor elementor-7975 elementor-4953\">\n\t\t\t\t\t\t<div class=\"elementor-inner\">\n\t\t\t\t<div class=\"elementor-section-wrap\">\n\t\t\t\t\t\t\t\t\t<section class=\"elementor-section elementor-top-section elementor-element elementor-element-6024f168 elementor-section-boxed elementor-section-height-default elementor-section-height-default\" data-id=\"6024f168\" data-element_type=\"section\">\n\t\t\t\t\t\t<div class=\"elementor-container elementor-column-gap-extended\">\n\t\t\t\t\t\t\t<div class=\"elementor-row\">\n\t\t\t\t\t<div class=\"elementor-column elementor-col-100 elementor-top-column elementor-element elementor-element-68e2f594 sc_inner_width_none sc_layouts_column_icons_position_left\" data-id=\"68e2f594\" data-element_type=\"column\">\n\t\t\t<div class=\"elementor-column-wrap elementor-element-populated\">\n\t\t\t\t\t\t\t<div class=\"elementor-widget-wrap\">\n\t\t\t\t\t\t<div class=\"elementor-element elementor-element-c52865 sc_fly_static elementor-widget elementor-widget-heading\" data-id=\"c52865\" data-element_type=\"widget\" data-widget_type=\"heading.default\">\n\t\t\t\t<div class=\"elementor-widget-container\">\n\t\t\t<h2 class=\"elementor-heading-title elementor-size-default\">Advogados estagi\u00e1rios<\/h2>\t\t<\/div>\n\t\t\t\t<\/div>\n\t\t\t\t<div class=\"elementor-element elementor-element-25479ad1 sc_fly_static elementor-widget elementor-widget-spacer\" data-id=\"25479ad1\" data-element_type=\"widget\" data-widget_type=\"spacer.default\">\n\t\t\t\t<div class=\"elementor-widget-container\">\n\t\t\t\t\t<div class=\"elementor-spacer\">\n\t\t\t<div class=\"elementor-spacer-inner\"><\/div>\n\t\t<\/div>\n\t\t\t\t<\/div>\n\t\t\t\t<\/div>\n\t\t\t\t<div class=\"elementor-element elementor-element-82bef33 sc_fly_static elementor-widget elementor-widget-trx_sc_layouts_menu\" data-id=\"82bef33\" data-element_type=\"widget\" id=\"our-team-menu\" data-widget_type=\"trx_sc_layouts_menu.default\">\n\t\t\t\t<div class=\"elementor-widget-container\">\n\t\t\t<nav class=\"sc_layouts_menu sc_layouts_menu_default sc_layouts_menu_dir_horizontal menu_hover_fade\" id=\"our-team-menu_sc\" data-animation-in=\"fadeIn\" data-animation-out=\"fadeOut\"\t\t><ul id=\"sc_layouts_menu_337973709\" class=\"sc_layouts_menu_nav\"><li id=\"menu-item-8034\" class=\"menu-item menu-item-type-post_type menu-item-object-page menu-item-8034\"><a href=\"https:\/\/mantonio.net\/pt-pt\/equipa\/advogados\/\"><span>Advogados<\/span><\/a><\/li><li id=\"menu-item-8031\" class=\"menu-item menu-item-type-post_type menu-item-object-page menu-item-8031\"><a href=\"https:\/\/mantonio.net\/pt-pt\/equipa\/notarios\/\"><span>Not\u00e1rios<\/span><\/a><\/li><li id=\"menu-item-8033\" class=\"menu-item menu-item-type-post_type menu-item-object-page menu-item-8033\"><a href=\"https:\/\/mantonio.net\/pt-pt\/equipa\/advogados-estagiarios\/\"><span>Advogados Estagi\u00e1rios<\/span><\/a><\/li><li id=\"menu-item-8032\" class=\"menu-item menu-item-type-post_type menu-item-object-page menu-item-8032\"><a href=\"https:\/\/mantonio.net\/pt-pt\/equipa\/staff\/\"><span>Staff<\/span><\/a><\/li><li id=\"menu-item-8030\" class=\"menu-item menu-item-type-post_type menu-item-object-page menu-item-8030\"><a href=\"https:\/\/mantonio.net\/pt-pt\/equipa\/\"><span>Todos<\/span><\/a><\/li><\/ul><\/nav><!-- \/.sc_layouts_menu -->\t\t<\/div>\n\t\t\t\t<\/div>\n\t\t\t\t<div class=\"elementor-element elementor-element-7878ea28 sc_fly_static elementor-widget elementor-widget-spacer\" data-id=\"7878ea28\" data-element_type=\"widget\" data-widget_type=\"spacer.default\">\n\t\t\t\t<div class=\"elementor-widget-container\">\n\t\t\t\t\t<div class=\"elementor-spacer\">\n\t\t\t<div class=\"elementor-spacer-inner\"><\/div>\n\t\t<\/div>\n\t\t\t\t<\/div>\n\t\t\t\t<\/div>\n\t\t\t\t\t\t<\/div>\n\t\t\t\t\t<\/div>\n\t\t<\/div>\n\t\t\t\t\t\t\t\t<\/div>\n\t\t\t\t\t<\/div>\n\t\t<\/section>\n\t\t\t\t<section class=\"elementor-section elementor-top-section elementor-element elementor-element-999cb12 elementor-section-boxed elementor-section-height-default elementor-section-height-default\" data-id=\"999cb12\" data-element_type=\"section\">\n\t\t\t\t\t\t<div class=\"elementor-container elementor-column-gap-extended\">\n\t\t\t\t\t\t\t<div class=\"elementor-row\">\n\t\t\t\t\t<div class=\"elementor-column elementor-col-100 elementor-top-column elementor-element elementor-element-a28d4b6 sc_inner_width_none sc_layouts_column_icons_position_left\" data-id=\"a28d4b6\" data-element_type=\"column\">\n\t\t\t<div class=\"elementor-column-wrap elementor-element-populated\">\n\t\t\t\t\t\t\t<div class=\"elementor-widget-wrap\">\n\t\t\t\t\t\t<div class=\"elementor-element elementor-element-1d20a9a1 ma-lawyers-mosaic sc_fly_static elementor-widget elementor-widget-trx_sc_team\" data-id=\"1d20a9a1\" data-element_type=\"widget\" data-widget_type=\"trx_sc_team.default\">\n\t\t\t\t<div class=\"elementor-widget-container\">\n\t\t\t<div  id=\"trx_sc_team_45269583\"\t\tclass=\"sc_team color_style_link3 sc_team_short\"><div class=\"sc_team_columns_wrap sc_item_columns sc_item_posts_container trx_addons_columns_wrap columns_padding_bottom\"><div class=\"trx_addons_column-1_5\"><div class=\"sc_team_item no_links post-8051 cpt_team type-cpt_team status-publish has-post-thumbnail hentry languages-cantones languages-ingles languages-mandarim languages-portugues cpt_team_group-advogados-estagiarios\">\n\t<div class=\"post_featured sc_team_item_thumb trx_addons_hover trx_addons_hover_style_info\"><a href=\"https:\/\/mantonio.net\/pt-pt\/team\/emilia-lo\/\" aria-hidden=\"true\"><img loading=\"lazy\" width=\"370\" height=\"370\" src=\"https:\/\/mantonio.net\/wp-content\/uploads\/2022\/04\/ma-emilia-lo-thumb-370x370.jpg\" class=\"attachment-trx_addons-thumb-avatar size-trx_addons-thumb-avatar wp-post-image\" alt=\"\" decoding=\"async\" srcset=\"https:\/\/mantonio.net\/wp-content\/uploads\/2022\/04\/ma-emilia-lo-thumb-370x370.jpg 370w, https:\/\/mantonio.net\/wp-content\/uploads\/2022\/04\/ma-emilia-lo-thumb-300x300.jpg 300w, https:\/\/mantonio.net\/wp-content\/uploads\/2022\/04\/ma-emilia-lo-thumb-150x150.jpg 150w, https:\/\/mantonio.net\/wp-content\/uploads\/2022\/04\/ma-emilia-lo-thumb-90x90.jpg 90w, https:\/\/mantonio.net\/wp-content\/uploads\/2022\/04\/ma-emilia-lo-thumb.jpg 500w\" sizes=\"(max-width: 370px) 100vw, 370px\" \/><\/a><div class=\"trx_addons_hover_content\"><div class=\"sc_team_item_socials socials_wrap trx_addons_hover_info\"><\/div><\/div><div class=\"trx_addons_hover_mask\"><\/div><\/div>\t<div class=\"sc_team_item_info\">\n\t\t<div class=\"sc_team_item_header\">\n\t\t\t<h4 class=\"sc_team_item_title\"><a href=\"https:\/\/mantonio.net\/pt-pt\/team\/emilia-lo\/\">Emilia Lo<\/a><\/h4>\n\t\t\t<div class=\"sc_team_item_subtitle\">Advogada Estagi\u00e1ria<\/div>\n\t\t<\/div>\n\t<\/div>\n<\/div>\n<\/div><div class=\"trx_addons_column-1_5\"><div class=\"sc_team_item no_links post-8052 cpt_team type-cpt_team status-publish has-post-thumbnail hentry languages-cantones languages-ingles languages-mandarim languages-portugues cpt_team_group-advogados-estagiarios\">\n\t<div class=\"post_featured sc_team_item_thumb trx_addons_hover trx_addons_hover_style_info\"><a href=\"https:\/\/mantonio.net\/pt-pt\/team\/wong-leng-san\/\" aria-hidden=\"true\"><img loading=\"lazy\" width=\"370\" height=\"370\" src=\"https:\/\/mantonio.net\/wp-content\/uploads\/2022\/04\/ma-wong-leng-san-thumb-370x370.jpg\" class=\"attachment-trx_addons-thumb-avatar size-trx_addons-thumb-avatar wp-post-image\" alt=\"\" decoding=\"async\" srcset=\"https:\/\/mantonio.net\/wp-content\/uploads\/2022\/04\/ma-wong-leng-san-thumb-370x370.jpg 370w, https:\/\/mantonio.net\/wp-content\/uploads\/2022\/04\/ma-wong-leng-san-thumb-300x300.jpg 300w, https:\/\/mantonio.net\/wp-content\/uploads\/2022\/04\/ma-wong-leng-san-thumb-150x150.jpg 150w, https:\/\/mantonio.net\/wp-content\/uploads\/2022\/04\/ma-wong-leng-san-thumb-90x90.jpg 90w, https:\/\/mantonio.net\/wp-content\/uploads\/2022\/04\/ma-wong-leng-san-thumb.jpg 500w\" sizes=\"(max-width: 370px) 100vw, 370px\" \/><\/a><div class=\"trx_addons_hover_content\"><div class=\"sc_team_item_socials socials_wrap trx_addons_hover_info\"><\/div><\/div><div class=\"trx_addons_hover_mask\"><\/div><\/div>\t<div class=\"sc_team_item_info\">\n\t\t<div class=\"sc_team_item_header\">\n\t\t\t<h4 class=\"sc_team_item_title\"><a href=\"https:\/\/mantonio.net\/pt-pt\/team\/wong-leng-san\/\">Wong Leng San<\/a><\/h4>\n\t\t\t<div class=\"sc_team_item_subtitle\">Advogada Estagi\u00e1ria<\/div>\n\t\t<\/div>\n\t<\/div>\n<\/div>\n<\/div><div class=\"trx_addons_column-1_5\"><div class=\"sc_team_item no_links post-8053 cpt_team type-cpt_team status-publish has-post-thumbnail hentry languages-cantones languages-ingles languages-mandarim cpt_team_group-advogados-estagiarios\">\n\t<div class=\"post_featured sc_team_item_thumb trx_addons_hover trx_addons_hover_style_info\"><a href=\"https:\/\/mantonio.net\/pt-pt\/team\/nakita-ng\/\" aria-hidden=\"true\"><img loading=\"lazy\" width=\"370\" height=\"370\" src=\"https:\/\/mantonio.net\/wp-content\/uploads\/2022\/05\/ma-nakita-ng-thumb-370x370.jpg\" class=\"attachment-trx_addons-thumb-avatar size-trx_addons-thumb-avatar wp-post-image\" alt=\"\" decoding=\"async\" srcset=\"https:\/\/mantonio.net\/wp-content\/uploads\/2022\/05\/ma-nakita-ng-thumb-370x370.jpg 370w, https:\/\/mantonio.net\/wp-content\/uploads\/2022\/05\/ma-nakita-ng-thumb-300x300.jpg 300w, https:\/\/mantonio.net\/wp-content\/uploads\/2022\/05\/ma-nakita-ng-thumb-150x150.jpg 150w, https:\/\/mantonio.net\/wp-content\/uploads\/2022\/05\/ma-nakita-ng-thumb-90x90.jpg 90w, https:\/\/mantonio.net\/wp-content\/uploads\/2022\/05\/ma-nakita-ng-thumb.jpg 500w\" sizes=\"(max-width: 370px) 100vw, 370px\" \/><\/a><div class=\"trx_addons_hover_content\"><div class=\"sc_team_item_socials socials_wrap trx_addons_hover_info\"><\/div><\/div><div class=\"trx_addons_hover_mask\"><\/div><\/div>\t<div class=\"sc_team_item_info\">\n\t\t<div class=\"sc_team_item_header\">\n\t\t\t<h4 class=\"sc_team_item_title\"><a href=\"https:\/\/mantonio.net\/pt-pt\/team\/nakita-ng\/\">Nakita Ng<\/a><\/h4>\n\t\t\t<div class=\"sc_team_item_subtitle\">Jurista<\/div>\n\t\t<\/div>\n\t<\/div>\n<\/div>\n<\/div><div class=\"trx_addons_column-1_5\"><div class=\"sc_team_item no_links post-8050 cpt_team type-cpt_team status-publish has-post-thumbnail hentry languages-cantones languages-filipino languages-ingles languages-mandarim languages-portugues cpt_team_group-advogados-estagiarios\">\n\t<div class=\"post_featured sc_team_item_thumb trx_addons_hover trx_addons_hover_style_info\"><a href=\"https:\/\/mantonio.net\/pt-pt\/team\/miguel-su\/\" aria-hidden=\"true\"><img loading=\"lazy\" width=\"370\" height=\"370\" src=\"https:\/\/mantonio.net\/wp-content\/uploads\/2022\/05\/ma-miguel-su-thumb-370x370.jpg\" class=\"attachment-trx_addons-thumb-avatar size-trx_addons-thumb-avatar wp-post-image\" alt=\"\" decoding=\"async\" srcset=\"https:\/\/mantonio.net\/wp-content\/uploads\/2022\/05\/ma-miguel-su-thumb-370x370.jpg 370w, https:\/\/mantonio.net\/wp-content\/uploads\/2022\/05\/ma-miguel-su-thumb-300x300.jpg 300w, https:\/\/mantonio.net\/wp-content\/uploads\/2022\/05\/ma-miguel-su-thumb-150x150.jpg 150w, https:\/\/mantonio.net\/wp-content\/uploads\/2022\/05\/ma-miguel-su-thumb-90x90.jpg 90w, https:\/\/mantonio.net\/wp-content\/uploads\/2022\/05\/ma-miguel-su-thumb.jpg 500w\" sizes=\"(max-width: 370px) 100vw, 370px\" \/><\/a><div class=\"trx_addons_hover_content\"><div class=\"sc_team_item_socials socials_wrap trx_addons_hover_info\"><\/div><\/div><div class=\"trx_addons_hover_mask\"><\/div><\/div>\t<div class=\"sc_team_item_info\">\n\t\t<div class=\"sc_team_item_header\">\n\t\t\t<h4 class=\"sc_team_item_title\"><a href=\"https:\/\/mantonio.net\/pt-pt\/team\/miguel-su\/\">Miguel Su<\/a><\/h4>\n\t\t\t<div class=\"sc_team_item_subtitle\">Advogado Estagi\u00e1rio<\/div>\n\t\t<\/div>\n\t<\/div>\n<\/div>\n<\/div><\/div><\/div><!-- \/.sc_team -->\t\t<\/div>\n\t\t\t\t<\/div>\n\t\t\t\t\t\t<\/div>\n\t\t\t\t\t<\/div>\n\t\t<\/div>\n\t\t\t\t\t\t\t\t<\/div>\n\t\t\t\t\t<\/div>\n\t\t<\/section>\n\t\t\t\t\t\t\t\t\t<\/div>\n\t\t\t<\/div>\n\t\t\t\t\t<\/div>\n\t\t","protected":false},"excerpt":{"rendered":"<p>Advogados estagi\u00e1rios Advogados Not\u00e1rios Advogados Estagi\u00e1rios Staff Todos<\/p>\n","protected":false},"author":1,"featured_media":0,"parent":7972,"menu_order":2,"comment_status":"closed","ping_status":"closed","template":"","meta":{"footnotes":""},"acf":[],"aioseo_notices":[],"_links":{"self":[{"href":"https:\/\/mantonio.net\/pt-pt\/wp-json\/wp\/v2\/pages\/7975"}],"collection":[{"href":"https:\/\/mantonio.net\/pt-pt\/wp-json\/wp\/v2\/pages"}],"about":[{"href":"https:\/\/mantonio.net\/pt-pt\/wp-json\/wp\/v2\/types\/page"}],"author":[{"embeddable":true,"href":"https:\/\/mantonio.net\/pt-pt\/wp-json\/wp\/v2\/users\/1"}],"replies":[{"embeddable":true,"href":"https:\/\/mantonio.net\/pt-pt\/wp-json\/wp\/v2\/comments?post=7975"}],"version-history":[{"count":0,"href":"https:\/\/mantonio.net\/pt-pt\/wp-json\/wp\/v2\/pages\/7975\/revisions"}],"up":[{"embeddable":true,"href":"https:\/\/mantonio.net\/pt-pt\/wp-json\/wp\/v2\/pages\/7972"}],"wp:attachment":[{"href":"https:\/\/mantonio.net\/pt-pt\/wp-json\/wp\/v2\/media?parent=7975"}],"curies":[{"name":"wp","href":"https:\/\/api.w.org\/{rel}","templated":true}]}}