{"id":7976,"date":"2022-10-19T09:23:32","date_gmt":"2022-10-19T09:23:32","guid":{"rendered":"https:\/\/mantonio.net\/?page_id=7976"},"modified":"2023-01-27T08:18:38","modified_gmt":"2023-01-27T08:18:38","slug":"notarios","status":"publish","type":"page","link":"https:\/\/mantonio.net\/pt-pt\/equipa\/notarios\/","title":{"rendered":"Not\u00e1rios"},"content":{"rendered":"\t\t<div data-elementor-type=\"wp-page\" data-elementor-id=\"7976\" class=\"elementor elementor-7976 elementor-5712\">\n\t\t\t\t\t\t<div class=\"elementor-inner\">\n\t\t\t\t<div class=\"elementor-section-wrap\">\n\t\t\t\t\t\t\t\t\t<section class=\"elementor-section elementor-top-section elementor-element elementor-element-596063c elementor-section-boxed elementor-section-height-default elementor-section-height-default\" data-id=\"596063c\" data-element_type=\"section\">\n\t\t\t\t\t\t<div class=\"elementor-container elementor-column-gap-extended\">\n\t\t\t\t\t\t\t<div class=\"elementor-row\">\n\t\t\t\t\t<div class=\"elementor-column elementor-col-100 elementor-top-column elementor-element elementor-element-588fe18 sc_inner_width_none sc_layouts_column_icons_position_left\" data-id=\"588fe18\" data-element_type=\"column\">\n\t\t\t<div class=\"elementor-column-wrap elementor-element-populated\">\n\t\t\t\t\t\t\t<div class=\"elementor-widget-wrap\">\n\t\t\t\t\t\t<div class=\"elementor-element elementor-element-48d5889 sc_fly_static elementor-widget elementor-widget-heading\" data-id=\"48d5889\" data-element_type=\"widget\" data-widget_type=\"heading.default\">\n\t\t\t\t<div class=\"elementor-widget-container\">\n\t\t\t<h2 class=\"elementor-heading-title elementor-size-default\">Not\u00e1rios<\/h2>\t\t<\/div>\n\t\t\t\t<\/div>\n\t\t\t\t<div class=\"elementor-element elementor-element-05cf670 sc_fly_static elementor-widget elementor-widget-spacer\" data-id=\"05cf670\" data-element_type=\"widget\" data-widget_type=\"spacer.default\">\n\t\t\t\t<div class=\"elementor-widget-container\">\n\t\t\t\t\t<div class=\"elementor-spacer\">\n\t\t\t<div class=\"elementor-spacer-inner\"><\/div>\n\t\t<\/div>\n\t\t\t\t<\/div>\n\t\t\t\t<\/div>\n\t\t\t\t<div class=\"elementor-element elementor-element-5224cd3 sc_fly_static elementor-widget elementor-widget-trx_sc_layouts_menu\" data-id=\"5224cd3\" data-element_type=\"widget\" data-widget_type=\"trx_sc_layouts_menu.default\">\n\t\t\t\t<div class=\"elementor-widget-container\">\n\t\t\t<nav class=\"sc_layouts_menu sc_layouts_menu_default sc_layouts_menu_dir_horizontal menu_hover_fade\" id=\"trx_sc_layouts_menu_1448204198\" data-animation-in=\"fadeIn\" data-animation-out=\"fadeOut\"\t\t><ul id=\"sc_layouts_menu_2079954475\" class=\"sc_layouts_menu_nav\"><li id=\"menu-item-8034\" class=\"menu-item menu-item-type-post_type menu-item-object-page menu-item-8034\"><a href=\"https:\/\/mantonio.net\/pt-pt\/equipa\/advogados\/\"><span>Advogados<\/span><\/a><\/li><li id=\"menu-item-8031\" class=\"menu-item menu-item-type-post_type menu-item-object-page menu-item-8031\"><a href=\"https:\/\/mantonio.net\/pt-pt\/equipa\/notarios\/\"><span>Not\u00e1rios<\/span><\/a><\/li><li id=\"menu-item-8033\" class=\"menu-item menu-item-type-post_type menu-item-object-page menu-item-8033\"><a href=\"https:\/\/mantonio.net\/pt-pt\/equipa\/advogados-estagiarios\/\"><span>Advogados Estagi\u00e1rios<\/span><\/a><\/li><li id=\"menu-item-8032\" class=\"menu-item menu-item-type-post_type menu-item-object-page menu-item-8032\"><a href=\"https:\/\/mantonio.net\/pt-pt\/equipa\/staff\/\"><span>Staff<\/span><\/a><\/li><li id=\"menu-item-8030\" class=\"menu-item menu-item-type-post_type menu-item-object-page menu-item-8030\"><a href=\"https:\/\/mantonio.net\/pt-pt\/equipa\/\"><span>Todos<\/span><\/a><\/li><\/ul><\/nav><!-- \/.sc_layouts_menu -->\t\t<\/div>\n\t\t\t\t<\/div>\n\t\t\t\t<div class=\"elementor-element elementor-element-73b94e4 sc_fly_static elementor-widget elementor-widget-spacer\" data-id=\"73b94e4\" data-element_type=\"widget\" data-widget_type=\"spacer.default\">\n\t\t\t\t<div class=\"elementor-widget-container\">\n\t\t\t\t\t<div class=\"elementor-spacer\">\n\t\t\t<div class=\"elementor-spacer-inner\"><\/div>\n\t\t<\/div>\n\t\t\t\t<\/div>\n\t\t\t\t<\/div>\n\t\t\t\t\t\t<\/div>\n\t\t\t\t\t<\/div>\n\t\t<\/div>\n\t\t\t\t\t\t\t\t<\/div>\n\t\t\t\t\t<\/div>\n\t\t<\/section>\n\t\t\t\t<section class=\"elementor-section elementor-top-section elementor-element elementor-element-be007ae elementor-section-boxed elementor-section-height-default elementor-section-height-default\" data-id=\"be007ae\" data-element_type=\"section\">\n\t\t\t\t\t\t<div class=\"elementor-container elementor-column-gap-extended\">\n\t\t\t\t\t\t\t<div class=\"elementor-row\">\n\t\t\t\t\t<div class=\"elementor-column elementor-col-100 elementor-top-column elementor-element elementor-element-87084c2 sc_inner_width_none sc_layouts_column_icons_position_left\" data-id=\"87084c2\" data-element_type=\"column\">\n\t\t\t<div class=\"elementor-column-wrap elementor-element-populated\">\n\t\t\t\t\t\t\t<div class=\"elementor-widget-wrap\">\n\t\t\t\t\t\t<div class=\"elementor-element elementor-element-d003a3d ma-lawyers-mosaic sc_fly_static elementor-widget elementor-widget-trx_sc_team\" data-id=\"d003a3d\" data-element_type=\"widget\" data-widget_type=\"trx_sc_team.default\">\n\t\t\t\t<div class=\"elementor-widget-container\">\n\t\t\t<div  id=\"trx_sc_team_1213588401\"\t\tclass=\"sc_team color_style_link3 sc_team_short\"><div class=\"sc_team_columns_wrap sc_item_columns sc_item_posts_container trx_addons_columns_wrap columns_padding_bottom\"><div class=\"trx_addons_column-1_6\"><div class=\"sc_team_item no_links post-8021 cpt_team type-cpt_team status-publish has-post-thumbnail hentry practices-bancario-e-financeiro practices-cidadania-portuguesa practices-dados-pessoais-privacidade-e-ciberseguranca practices-familia practices-fiscal practices-gestao-de-fundos-e-de-investimentos practices-golden-visa-portugal practices-laboral practices-reestruturacoes-e-insolvencia practices-regulatorio-e-compliance practices-resolucao-de-litigios-e-contencioso practices-servicos-de-notariado practices-societario-e-ma industries-bancario industries-contratacao-publica industries-hotelaria industries-imobiliario-e-construcao industries-jogo industries-maritimo-e-transporte industries-seguros-e-resseguros languages-frances languages-ingles languages-portugues cpt_team_group-advogados cpt_team_group-notarios\">\n\t<div class=\"post_featured sc_team_item_thumb trx_addons_hover trx_addons_hover_style_info\"><a href=\"https:\/\/mantonio.net\/pt-pt\/team\/manuela-antonio\/\" aria-hidden=\"true\"><img loading=\"lazy\" width=\"370\" height=\"370\" src=\"https:\/\/mantonio.net\/wp-content\/uploads\/2022\/04\/ma-manuela-antonio-thumb-370x370.jpg\" class=\"attachment-trx_addons-thumb-avatar size-trx_addons-thumb-avatar wp-post-image\" alt=\"Manuela Antonio Macau Lawyer\" decoding=\"async\" srcset=\"https:\/\/mantonio.net\/wp-content\/uploads\/2022\/04\/ma-manuela-antonio-thumb-370x370.jpg 370w, https:\/\/mantonio.net\/wp-content\/uploads\/2022\/04\/ma-manuela-antonio-thumb-300x300.jpg 300w, https:\/\/mantonio.net\/wp-content\/uploads\/2022\/04\/ma-manuela-antonio-thumb-150x150.jpg 150w, https:\/\/mantonio.net\/wp-content\/uploads\/2022\/04\/ma-manuela-antonio-thumb-90x90.jpg 90w, https:\/\/mantonio.net\/wp-content\/uploads\/2022\/04\/ma-manuela-antonio-thumb.jpg 500w\" sizes=\"(max-width: 370px) 100vw, 370px\" \/><\/a><div class=\"trx_addons_hover_content\"><div class=\"sc_team_item_socials socials_wrap trx_addons_hover_info\"><\/div><\/div><div class=\"trx_addons_hover_mask\"><\/div><\/div>\t<div class=\"sc_team_item_info\">\n\t\t<div class=\"sc_team_item_header\">\n\t\t\t<h4 class=\"sc_team_item_title\"><a href=\"https:\/\/mantonio.net\/pt-pt\/team\/manuela-antonio\/\">Manuela Ant\u00f3nio<\/a><\/h4>\n\t\t\t<div class=\"sc_team_item_subtitle\">S\u00f3cia Fundadora<\/div>\n\t\t<\/div>\n\t<\/div>\n<\/div>\n<\/div><div class=\"trx_addons_column-1_6\"><div class=\"sc_team_item no_links post-8038 cpt_team type-cpt_team status-publish has-post-thumbnail hentry practices-bancario-e-financeiro practices-fiscal practices-gestao-de-fundos-e-de-investimentos practices-mercado-de-capitais practices-reestruturacoes-e-insolvencia practices-regulatorio-e-compliance practices-resolucao-de-litigios-e-contencioso practices-servicos-de-notariado practices-societario-e-ma industries-aviacao industries-bancario industries-contratacao-publica industries-energia-e-infraestruturas industries-hotelaria industries-imobiliario-e-construcao industries-jogo industries-saude-e-farmaceutica industries-seguros-e-resseguros languages-frances languages-ingles languages-portugues cpt_team_group-advogados cpt_team_group-notarios\">\n\t<div class=\"post_featured sc_team_item_thumb trx_addons_hover trx_addons_hover_style_info\"><a href=\"https:\/\/mantonio.net\/pt-pt\/team\/hugo-couto\/\" aria-hidden=\"true\"><img loading=\"lazy\" width=\"370\" height=\"370\" src=\"https:\/\/mantonio.net\/wp-content\/uploads\/2022\/04\/ma-hugo-ribeiro-couto-thumb-370x370.jpg\" class=\"attachment-trx_addons-thumb-avatar size-trx_addons-thumb-avatar wp-post-image\" alt=\"Hugo Couto Macau Lawyer\" decoding=\"async\" srcset=\"https:\/\/mantonio.net\/wp-content\/uploads\/2022\/04\/ma-hugo-ribeiro-couto-thumb-370x370.jpg 370w, https:\/\/mantonio.net\/wp-content\/uploads\/2022\/04\/ma-hugo-ribeiro-couto-thumb-300x300.jpg 300w, https:\/\/mantonio.net\/wp-content\/uploads\/2022\/04\/ma-hugo-ribeiro-couto-thumb-150x150.jpg 150w, https:\/\/mantonio.net\/wp-content\/uploads\/2022\/04\/ma-hugo-ribeiro-couto-thumb-90x90.jpg 90w, https:\/\/mantonio.net\/wp-content\/uploads\/2022\/04\/ma-hugo-ribeiro-couto-thumb.jpg 500w\" sizes=\"(max-width: 370px) 100vw, 370px\" \/><\/a><div class=\"trx_addons_hover_content\"><div class=\"sc_team_item_socials socials_wrap trx_addons_hover_info\"><\/div><\/div><div class=\"trx_addons_hover_mask\"><\/div><\/div>\t<div class=\"sc_team_item_info\">\n\t\t<div class=\"sc_team_item_header\">\n\t\t\t<h4 class=\"sc_team_item_title\"><a href=\"https:\/\/mantonio.net\/pt-pt\/team\/hugo-couto\/\">Hugo Couto<\/a><\/h4>\n\t\t\t<div class=\"sc_team_item_subtitle\">S\u00f3cio S\u00e9nior<\/div>\n\t\t<\/div>\n\t<\/div>\n<\/div>\n<\/div><div class=\"trx_addons_column-1_6\"><div class=\"sc_team_item no_links post-8048 cpt_team type-cpt_team status-publish has-post-thumbnail hentry practices-penal practices-resolucao-de-litigios-e-contencioso practices-servicos-de-notariado languages-frances languages-ingles languages-portugues cpt_team_group-advogados cpt_team_group-notarios\">\n\t<div class=\"post_featured sc_team_item_thumb trx_addons_hover trx_addons_hover_style_info\"><a href=\"https:\/\/mantonio.net\/pt-pt\/team\/david-gomes\/\" aria-hidden=\"true\"><img loading=\"lazy\" width=\"370\" height=\"370\" src=\"https:\/\/mantonio.net\/wp-content\/uploads\/2022\/04\/ma-david-azevedo-gomes-thumb-370x370.jpg\" class=\"attachment-trx_addons-thumb-avatar size-trx_addons-thumb-avatar wp-post-image\" alt=\"\" decoding=\"async\" srcset=\"https:\/\/mantonio.net\/wp-content\/uploads\/2022\/04\/ma-david-azevedo-gomes-thumb-370x370.jpg 370w, https:\/\/mantonio.net\/wp-content\/uploads\/2022\/04\/ma-david-azevedo-gomes-thumb-300x300.jpg 300w, https:\/\/mantonio.net\/wp-content\/uploads\/2022\/04\/ma-david-azevedo-gomes-thumb-150x150.jpg 150w, https:\/\/mantonio.net\/wp-content\/uploads\/2022\/04\/ma-david-azevedo-gomes-thumb-90x90.jpg 90w, https:\/\/mantonio.net\/wp-content\/uploads\/2022\/04\/ma-david-azevedo-gomes-thumb.jpg 500w\" sizes=\"(max-width: 370px) 100vw, 370px\" \/><\/a><div class=\"trx_addons_hover_content\"><div class=\"sc_team_item_socials socials_wrap trx_addons_hover_info\"><\/div><\/div><div class=\"trx_addons_hover_mask\"><\/div><\/div>\t<div class=\"sc_team_item_info\">\n\t\t<div class=\"sc_team_item_header\">\n\t\t\t<h4 class=\"sc_team_item_title\"><a href=\"https:\/\/mantonio.net\/pt-pt\/team\/david-gomes\/\">David Gomes*<\/a><\/h4>\n\t\t\t<div class=\"sc_team_item_subtitle\">Advogado Afiliado<\/div>\n\t\t<\/div>\n\t<\/div>\n<\/div>\n<\/div><\/div><\/div><!-- \/.sc_team -->\t\t<\/div>\n\t\t\t\t<\/div>\n\t\t\t\t\t\t<\/div>\n\t\t\t\t\t<\/div>\n\t\t<\/div>\n\t\t\t\t\t\t\t\t<\/div>\n\t\t\t\t\t<\/div>\n\t\t<\/section>\n\t\t\t\t\t\t\t\t\t<\/div>\n\t\t\t<\/div>\n\t\t\t\t\t<\/div>\n\t\t","protected":false},"excerpt":{"rendered":"<p>Not\u00e1rios Advogados Not\u00e1rios Advogados Estagi\u00e1rios Staff Todos<\/p>\n","protected":false},"author":1,"featured_media":0,"parent":7972,"menu_order":3,"comment_status":"closed","ping_status":"closed","template":"elementor_header_footer","meta":{"footnotes":""},"acf":[],"aioseo_notices":[],"_links":{"self":[{"href":"https:\/\/mantonio.net\/pt-pt\/wp-json\/wp\/v2\/pages\/7976"}],"collection":[{"href":"https:\/\/mantonio.net\/pt-pt\/wp-json\/wp\/v2\/pages"}],"about":[{"href":"https:\/\/mantonio.net\/pt-pt\/wp-json\/wp\/v2\/types\/page"}],"author":[{"embeddable":true,"href":"https:\/\/mantonio.net\/pt-pt\/wp-json\/wp\/v2\/users\/1"}],"replies":[{"embeddable":true,"href":"https:\/\/mantonio.net\/pt-pt\/wp-json\/wp\/v2\/comments?post=7976"}],"version-history":[{"count":0,"href":"https:\/\/mantonio.net\/pt-pt\/wp-json\/wp\/v2\/pages\/7976\/revisions"}],"up":[{"embeddable":true,"href":"https:\/\/mantonio.net\/pt-pt\/wp-json\/wp\/v2\/pages\/7972"}],"wp:attachment":[{"href":"https:\/\/mantonio.net\/pt-pt\/wp-json\/wp\/v2\/media?parent=7976"}],"curies":[{"name":"wp","href":"https:\/\/api.w.org\/{rel}","templated":true}]}}