{"id":7980,"date":"2022-03-31T09:11:52","date_gmt":"2022-03-31T09:11:52","guid":{"rendered":"https:\/\/mantonio.net\/?page_id=7980"},"modified":"2023-02-07T09:15:32","modified_gmt":"2023-02-07T09:15:32","slug":"sobre-ma","status":"publish","type":"page","link":"https:\/\/mantonio.net\/pt-pt\/escritorio\/sobre-ma\/","title":{"rendered":"Sobre MA"},"content":{"rendered":"\t\t<div data-elementor-type=\"wp-page\" data-elementor-id=\"7980\" class=\"elementor elementor-7980 elementor-2962\">\n\t\t\t\t\t\t<div class=\"elementor-inner\">\n\t\t\t\t<div class=\"elementor-section-wrap\">\n\t\t\t\t\t\t\t\t\t<section class=\"elementor-section elementor-top-section elementor-element elementor-element-49dbe65 elementor-section-boxed elementor-section-height-default elementor-section-height-default\" data-id=\"49dbe65\" data-element_type=\"section\">\n\t\t\t\t\t\t<div class=\"elementor-container elementor-column-gap-extended\">\n\t\t\t\t\t\t\t<div class=\"elementor-row\">\n\t\t\t\t\t<div class=\"elementor-column elementor-col-50 elementor-top-column elementor-element elementor-element-097b3ba sc_inner_width_none sc_layouts_column_icons_position_left\" data-id=\"097b3ba\" data-element_type=\"column\">\n\t\t\t<div class=\"elementor-column-wrap elementor-element-populated\">\n\t\t\t\t\t\t\t<div class=\"elementor-widget-wrap\">\n\t\t\t\t\t\t<div class=\"elementor-element elementor-element-8ae275d sc_fly_static elementor-widget elementor-widget-image\" data-id=\"8ae275d\" data-element_type=\"widget\" data-widget_type=\"image.default\">\n\t\t\t\t<div class=\"elementor-widget-container\">\n\t\t\t\t\t\t\t\t<div class=\"elementor-image\">\n\t\t\t\t\t\t\t\t\t\t\t\t<img decoding=\"async\" loading=\"lazy\" width=\"580\" height=\"230\" src=\"https:\/\/mantonio.net\/wp-content\/uploads\/2022\/03\/AboutTheFirm.jpeg\" class=\"attachment-large size-large wp-image-7425\" alt=\"\" srcset=\"https:\/\/mantonio.net\/wp-content\/uploads\/2022\/03\/AboutTheFirm.jpeg 580w, https:\/\/mantonio.net\/wp-content\/uploads\/2022\/03\/AboutTheFirm-300x119.jpeg 300w, https:\/\/mantonio.net\/wp-content\/uploads\/2022\/03\/AboutTheFirm-370x147.jpeg 370w\" sizes=\"(max-width: 580px) 100vw, 580px\" \/>\t\t\t\t\t\t\t\t\t\t\t\t\t\t<\/div>\n\t\t\t\t\t\t<\/div>\n\t\t\t\t<\/div>\n\t\t\t\t\t\t<\/div>\n\t\t\t\t\t<\/div>\n\t\t<\/div>\n\t\t\t\t<div class=\"elementor-column elementor-col-50 elementor-top-column elementor-element elementor-element-1c96b6b sc_inner_width_none sc_layouts_column_icons_position_left\" data-id=\"1c96b6b\" data-element_type=\"column\">\n\t\t\t<div class=\"elementor-column-wrap elementor-element-populated\">\n\t\t\t\t\t\t\t<div class=\"elementor-widget-wrap\">\n\t\t\t\t\t\t<div class=\"elementor-element elementor-element-caa45ec sc_fly_static elementor-widget elementor-widget-text-editor\" data-id=\"caa45ec\" data-element_type=\"widget\" data-widget_type=\"text-editor.default\">\n\t\t\t\t<div class=\"elementor-widget-container\">\n\t\t\t\t\t\t\t\t<div class=\"elementor-text-editor elementor-clearfix\">\n\t\t\t\t<p>Dotado de dimens\u00e3o suficiente para lidar com assuntos complexos, sem perder a preocupa\u00e7\u00e3o em manter uma rela\u00e7\u00e3o pr\u00f3xima com os seus clientes, o escrit\u00f3rio disp\u00f5e de reconhecidas capacidades para prestar qualquer tipo de apoio jur\u00eddico, bem como para representar qualquer tipo de clientes, desde indiv\u00edduos a sociedades e quer estes sejam locais ou internacionais.<\/p><p>Sublinhamos a nossa forte componente internacional, manifestada no facto de parte consider\u00e1vel dos nossos clientes serem sociedades sediadas noutras jurisdi\u00e7\u00f5es, prestando diariamente os nossos servi\u00e7os a indiv\u00edduos e sociedades da Rep\u00fablica Popular da China, Hong Kong, E.U.A., Gr\u00e3-Bretanha, Austr\u00e1lia, Jap\u00e3o, Coreia do Sul, Singapura, entre muitos outros.<\/p><p>O nosso objectivo primordial consiste na presta\u00e7\u00e3o de servi\u00e7os jur\u00eddicos da mais elevada qualidade, de uma forma atempada e mantendo sempre as verdadeiras necessidades dos nossos clientes como princ\u00edpio que orienta todo o nosso trabalho.<\/p><p>Somos reconhecidos no mercado por adoptar uma abordagem eficiente e pragm\u00e1tica dos diversos assuntos, por forma a proporcionar uma resposta tecnicamente adequada e c\u00e9lere \u00e0s necessidades dos nossos clientes.<\/p>\t\t\t\t\t<\/div>\n\t\t\t\t\t\t<\/div>\n\t\t\t\t<\/div>\n\t\t\t\t\t\t<\/div>\n\t\t\t\t\t<\/div>\n\t\t<\/div>\n\t\t\t\t\t\t\t\t<\/div>\n\t\t\t\t\t<\/div>\n\t\t<\/section>\n\t\t\t\t<section class=\"elementor-section elementor-top-section elementor-element elementor-element-84538b4 elementor-section-boxed elementor-section-height-default elementor-section-height-default\" data-id=\"84538b4\" data-element_type=\"section\">\n\t\t\t\t\t\t<div class=\"elementor-container elementor-column-gap-extended\">\n\t\t\t\t\t\t\t<div class=\"elementor-row\">\n\t\t\t\t\t<div class=\"elementor-column elementor-col-100 elementor-top-column elementor-element elementor-element-c8a65c8 sc_inner_width_none sc_layouts_column_icons_position_left\" data-id=\"c8a65c8\" data-element_type=\"column\">\n\t\t\t<div class=\"elementor-column-wrap elementor-element-populated\">\n\t\t\t\t\t\t\t<div class=\"elementor-widget-wrap\">\n\t\t\t\t\t\t<div class=\"elementor-element elementor-element-828dcc2 sc_fly_static elementor-widget elementor-widget-spacer\" data-id=\"828dcc2\" data-element_type=\"widget\" data-widget_type=\"spacer.default\">\n\t\t\t\t<div class=\"elementor-widget-container\">\n\t\t\t\t\t<div class=\"elementor-spacer\">\n\t\t\t<div class=\"elementor-spacer-inner\"><\/div>\n\t\t<\/div>\n\t\t\t\t<\/div>\n\t\t\t\t<\/div>\n\t\t\t\t\t\t<\/div>\n\t\t\t\t\t<\/div>\n\t\t<\/div>\n\t\t\t\t\t\t\t\t<\/div>\n\t\t\t\t\t<\/div>\n\t\t<\/section>\n\t\t\t\t<section class=\"elementor-section elementor-top-section elementor-element elementor-element-850f02b elementor-section-full_width elementor-section-height-default elementor-section-height-default\" data-id=\"850f02b\" data-element_type=\"section\">\n\t\t\t\t\t\t<div class=\"elementor-container elementor-column-gap-extended\">\n\t\t\t\t\t\t\t<div class=\"elementor-row\">\n\t\t\t\t\t<div class=\"elementor-column elementor-col-100 elementor-top-column elementor-element elementor-element-c34dd71 sc_inner_width_none sc_layouts_column_icons_position_left\" data-id=\"c34dd71\" data-element_type=\"column\">\n\t\t\t<div class=\"elementor-column-wrap elementor-element-populated\">\n\t\t\t\t\t\t\t<div class=\"elementor-widget-wrap\">\n\t\t\t\t\t\t<div class=\"elementor-element elementor-element-93f98b3 sc_fly_static elementor-widget elementor-widget-video\" data-id=\"93f98b3\" data-element_type=\"widget\" data-settings=\"{&quot;youtube_url&quot;:&quot;https:\\\/\\\/www.youtube.com\\\/watch?v=La8GbUISrIk&quot;,&quot;video_type&quot;:&quot;youtube&quot;,&quot;controls&quot;:&quot;yes&quot;}\" data-widget_type=\"video.default\">\n\t\t\t\t<div class=\"elementor-widget-container\">\n\t\t\t\t\t<div class=\"elementor-wrapper elementor-open-inline\">\n\t\t\t<div class=\"elementor-video\"><\/div>\t\t<\/div>\n\t\t\t\t<\/div>\n\t\t\t\t<\/div>\n\t\t\t\t\t\t<\/div>\n\t\t\t\t\t<\/div>\n\t\t<\/div>\n\t\t\t\t\t\t\t\t<\/div>\n\t\t\t\t\t<\/div>\n\t\t<\/section>\n\t\t\t\t<section class=\"elementor-section elementor-top-section elementor-element elementor-element-5e66b47 elementor-section-boxed elementor-section-height-default elementor-section-height-default\" data-id=\"5e66b47\" data-element_type=\"section\">\n\t\t\t\t\t\t<div class=\"elementor-container elementor-column-gap-extended\">\n\t\t\t\t\t\t\t<div class=\"elementor-row\">\n\t\t\t\t\t<div class=\"elementor-column elementor-col-100 elementor-top-column elementor-element elementor-element-c0538e3 sc_inner_width_none sc_layouts_column_icons_position_left\" data-id=\"c0538e3\" data-element_type=\"column\">\n\t\t\t<div class=\"elementor-column-wrap elementor-element-populated\">\n\t\t\t\t\t\t\t<div class=\"elementor-widget-wrap\">\n\t\t\t\t\t\t<div class=\"elementor-element elementor-element-8e63222 sc_fly_static elementor-widget elementor-widget-spacer\" data-id=\"8e63222\" data-element_type=\"widget\" data-widget_type=\"spacer.default\">\n\t\t\t\t<div class=\"elementor-widget-container\">\n\t\t\t\t\t<div class=\"elementor-spacer\">\n\t\t\t<div class=\"elementor-spacer-inner\"><\/div>\n\t\t<\/div>\n\t\t\t\t<\/div>\n\t\t\t\t<\/div>\n\t\t\t\t\t\t<\/div>\n\t\t\t\t\t<\/div>\n\t\t<\/div>\n\t\t\t\t\t\t\t\t<\/div>\n\t\t\t\t\t<\/div>\n\t\t<\/section>\n\t\t\t\t\t\t\t\t\t<\/div>\n\t\t\t<\/div>\n\t\t\t\t\t<\/div>\n\t\t","protected":false},"excerpt":{"rendered":"<p>Dotado de dimens\u00e3o suficiente para lidar com assuntos complexos, sem perder a preocupa\u00e7\u00e3o em manter uma rela\u00e7\u00e3o pr\u00f3xima com os seus clientes, o escrit\u00f3rio disp\u00f5e de reconhecidas capacidades para prestar qualquer tipo de apoio jur\u00eddico, bem como para representar qualquer&hellip;<\/p>\n","protected":false},"author":1,"featured_media":0,"parent":7979,"menu_order":1,"comment_status":"closed","ping_status":"closed","template":"elementor_header_footer","meta":{"footnotes":""},"acf":[],"aioseo_notices":[],"_links":{"self":[{"href":"https:\/\/mantonio.net\/pt-pt\/wp-json\/wp\/v2\/pages\/7980"}],"collection":[{"href":"https:\/\/mantonio.net\/pt-pt\/wp-json\/wp\/v2\/pages"}],"about":[{"href":"https:\/\/mantonio.net\/pt-pt\/wp-json\/wp\/v2\/types\/page"}],"author":[{"embeddable":true,"href":"https:\/\/mantonio.net\/pt-pt\/wp-json\/wp\/v2\/users\/1"}],"replies":[{"embeddable":true,"href":"https:\/\/mantonio.net\/pt-pt\/wp-json\/wp\/v2\/comments?post=7980"}],"version-history":[{"count":0,"href":"https:\/\/mantonio.net\/pt-pt\/wp-json\/wp\/v2\/pages\/7980\/revisions"}],"up":[{"embeddable":true,"href":"https:\/\/mantonio.net\/pt-pt\/wp-json\/wp\/v2\/pages\/7979"}],"wp:attachment":[{"href":"https:\/\/mantonio.net\/pt-pt\/wp-json\/wp\/v2\/media?parent=7980"}],"curies":[{"name":"wp","href":"https:\/\/api.w.org\/{rel}","templated":true}]}}