{"id":8002,"date":"2022-10-19T09:52:43","date_gmt":"2022-10-19T09:52:43","guid":{"rendered":"https:\/\/mantonio.net\/?page_id=8002"},"modified":"2023-02-15T08:10:05","modified_gmt":"2023-02-15T08:10:05","slug":"carreiras","status":"publish","type":"page","link":"https:\/\/mantonio.net\/pt-pt\/escritorio\/carreiras\/","title":{"rendered":"Carreiras"},"content":{"rendered":"\t\t<div data-elementor-type=\"wp-page\" data-elementor-id=\"8002\" class=\"elementor elementor-8002 elementor-5740\">\n\t\t\t\t\t\t<div class=\"elementor-inner\">\n\t\t\t\t<div class=\"elementor-section-wrap\">\n\t\t\t\t\t\t\t\t\t<section class=\"elementor-section elementor-top-section elementor-element elementor-element-075f529 homepage-info-title elementor-section-boxed elementor-section-height-default elementor-section-height-default\" data-id=\"075f529\" data-element_type=\"section\">\n\t\t\t\t\t\t<div class=\"elementor-container elementor-column-gap-extended\">\n\t\t\t\t\t\t\t<div class=\"elementor-row\">\n\t\t\t\t\t<div class=\"elementor-column elementor-col-100 elementor-top-column elementor-element elementor-element-9eb9da0 sc_inner_width_none sc_layouts_column_icons_position_left\" data-id=\"9eb9da0\" data-element_type=\"column\">\n\t\t\t<div class=\"elementor-column-wrap elementor-element-populated\">\n\t\t\t\t\t\t\t<div class=\"elementor-widget-wrap\">\n\t\t\t\t\t\t<div class=\"elementor-element elementor-element-ed2f14e sc_fly_static elementor-widget elementor-widget-trx_sc_title\" data-id=\"ed2f14e\" data-element_type=\"widget\" data-widget_type=\"trx_sc_title.default\">\n\t\t\t\t<div class=\"elementor-widget-container\">\n\t\t\t<div id=\"trx_sc_title_612687896\"\n\t\tclass=\"sc_title sc_title_default\"><h2 class=\"sc_item_title sc_title_title sc_align_center sc_item_title_style_default\"><span class=\"sc_item_title_text\">Carreiras<\/span><\/h2><div class=\"sc_item_descr sc_title_descr sc_align_center\"><p>Junte-se \u00e0 Equipa<\/p>\n<\/div><\/div><!-- \/.sc_title -->\t\t<\/div>\n\t\t\t\t<\/div>\n\t\t\t\t<div class=\"elementor-element elementor-element-159362c sc_fly_static elementor-widget elementor-widget-spacer\" data-id=\"159362c\" data-element_type=\"widget\" data-widget_type=\"spacer.default\">\n\t\t\t\t<div class=\"elementor-widget-container\">\n\t\t\t\t\t<div class=\"elementor-spacer\">\n\t\t\t<div class=\"elementor-spacer-inner\"><\/div>\n\t\t<\/div>\n\t\t\t\t<\/div>\n\t\t\t\t<\/div>\n\t\t\t\t\t\t<\/div>\n\t\t\t\t\t<\/div>\n\t\t<\/div>\n\t\t\t\t\t\t\t\t<\/div>\n\t\t\t\t\t<\/div>\n\t\t<\/section>\n\t\t\t\t<section class=\"elementor-section elementor-top-section elementor-element elementor-element-69e6511 elementor-section-boxed elementor-section-height-default elementor-section-height-default\" data-id=\"69e6511\" data-element_type=\"section\">\n\t\t\t\t\t\t<div class=\"elementor-container elementor-column-gap-extended\">\n\t\t\t\t\t\t\t<div class=\"elementor-row\">\n\t\t\t\t\t<div class=\"elementor-column elementor-col-50 elementor-top-column elementor-element elementor-element-b98970d sc_inner_width_none sc_layouts_column_icons_position_left\" data-id=\"b98970d\" data-element_type=\"column\">\n\t\t\t<div class=\"elementor-column-wrap elementor-element-populated\">\n\t\t\t\t\t\t\t<div class=\"elementor-widget-wrap\">\n\t\t\t\t\t\t<div class=\"elementor-element elementor-element-bb4c023 sc_fly_static elementor-widget elementor-widget-text-editor\" data-id=\"bb4c023\" data-element_type=\"widget\" data-widget_type=\"text-editor.default\">\n\t\t\t\t<div class=\"elementor-widget-container\">\n\t\t\t\t\t\t\t\t<div class=\"elementor-text-editor elementor-clearfix\">\n\t\t\t\t<p>Estamos sempre interessados em conhecer pessoas que queiram fazer parte da nossa equipa.<\/p><p>O nosso escrit\u00f3rio pode fornecer o conhecimento e a experi\u00eancia para desenvolver a sua carreira, crescer e atingir os seus objetivos profissionais.<\/p><p>As candidaturas podem ser submetidas atrav\u00e9s do preenchimento e envio do formul\u00e1rio correspondente ao tipo de candidatura a que se destina.<\/p><p>Todas as informa\u00e7\u00f5es e dados recolhidos neste \u00e2mbito ser\u00e3o tratados como confidenciais e utilizados exclusivamente para fins de recrutamento.<\/p>\t\t\t\t\t<\/div>\n\t\t\t\t\t\t<\/div>\n\t\t\t\t<\/div>\n\t\t\t\t\t\t<\/div>\n\t\t\t\t\t<\/div>\n\t\t<\/div>\n\t\t\t\t<div class=\"elementor-column elementor-col-50 elementor-top-column elementor-element elementor-element-798a716 ma-carrers-sidebar sc_inner_width_none sc_layouts_column_icons_position_left\" data-id=\"798a716\" data-element_type=\"column\">\n\t\t\t<div class=\"elementor-column-wrap elementor-element-populated\">\n\t\t\t\t\t\t\t<div class=\"elementor-widget-wrap\">\n\t\t\t\t\t\t<div class=\"elementor-element elementor-element-557aee5 sc_fly_static elementor-widget elementor-widget-heading\" data-id=\"557aee5\" data-element_type=\"widget\" data-widget_type=\"heading.default\">\n\t\t\t\t<div class=\"elementor-widget-container\">\n\t\t\t<h4 class=\"elementor-heading-title elementor-size-default\">Valores essenciais:<\/h4>\t\t<\/div>\n\t\t\t\t<\/div>\n\t\t\t\t<div class=\"elementor-element elementor-element-073f348 sc_fly_static elementor-widget elementor-widget-text-editor\" data-id=\"073f348\" data-element_type=\"widget\" data-widget_type=\"text-editor.default\">\n\t\t\t\t<div class=\"elementor-widget-container\">\n\t\t\t\t\t\t\t\t<div class=\"elementor-text-editor elementor-clearfix\">\n\t\t\t\t<ul><li>Profissionalismo<\/li><li>Qualifica\u00e7\u00f5es<\/li><li>Conhecimento<\/li><li>Proactividade<\/li><li>Capacidade de Trabalho<\/li><li>Integridade<\/li><li>Esp\u00edrito de Equipa<\/li><li>Motiva\u00e7\u00e3o<\/li><\/ul>\t\t\t\t\t<\/div>\n\t\t\t\t\t\t<\/div>\n\t\t\t\t<\/div>\n\t\t\t\t\t\t<\/div>\n\t\t\t\t\t<\/div>\n\t\t<\/div>\n\t\t\t\t\t\t\t\t<\/div>\n\t\t\t\t\t<\/div>\n\t\t<\/section>\n\t\t\t\t<section class=\"elementor-section elementor-top-section elementor-element elementor-element-a29bb2c elementor-section-boxed elementor-section-height-default elementor-section-height-default\" data-id=\"a29bb2c\" data-element_type=\"section\">\n\t\t\t\t\t\t<div class=\"elementor-container elementor-column-gap-extended\">\n\t\t\t\t\t\t\t<div class=\"elementor-row\">\n\t\t\t\t\t<div class=\"elementor-column elementor-col-100 elementor-top-column elementor-element elementor-element-718feeb sc_inner_width_none sc_layouts_column_icons_position_left\" data-id=\"718feeb\" data-element_type=\"column\">\n\t\t\t<div class=\"elementor-column-wrap elementor-element-populated\">\n\t\t\t\t\t\t\t<div class=\"elementor-widget-wrap\">\n\t\t\t\t\t\t<div class=\"elementor-element elementor-element-c50c122 sc_height_medium elementor-widget-divider--view-line sc_fly_static elementor-widget elementor-widget-divider\" data-id=\"c50c122\" data-element_type=\"widget\" data-widget_type=\"divider.default\">\n\t\t\t\t<div class=\"elementor-widget-container\">\n\t\t\t\t\t<div class=\"elementor-divider\">\n\t\t\t<span class=\"elementor-divider-separator\">\n\t\t\t\t\t\t<\/span>\n\t\t<\/div>\n\t\t\t\t<\/div>\n\t\t\t\t<\/div>\n\t\t\t\t\t\t<\/div>\n\t\t\t\t\t<\/div>\n\t\t<\/div>\n\t\t\t\t\t\t\t\t<\/div>\n\t\t\t\t\t<\/div>\n\t\t<\/section>\n\t\t\t\t<section class=\"elementor-section elementor-top-section elementor-element elementor-element-e9f0ca0 elementor-section-boxed elementor-section-height-default elementor-section-height-default\" data-id=\"e9f0ca0\" data-element_type=\"section\" data-settings=\"{&quot;background_background&quot;:&quot;slideshow&quot;,&quot;background_slideshow_gallery&quot;:[],&quot;background_slideshow_loop&quot;:&quot;yes&quot;,&quot;background_slideshow_slide_duration&quot;:5000,&quot;background_slideshow_slide_transition&quot;:&quot;fade&quot;,&quot;background_slideshow_transition_duration&quot;:500}\">\n\t\t\t\t\t\t<div class=\"elementor-container elementor-column-gap-extended\">\n\t\t\t\t\t\t\t<div class=\"elementor-row\">\n\t\t\t\t\t<div class=\"elementor-column elementor-col-100 elementor-top-column elementor-element elementor-element-c02dc80 sc_inner_width_none sc_layouts_column_icons_position_left\" data-id=\"c02dc80\" data-element_type=\"column\">\n\t\t\t<div class=\"elementor-column-wrap elementor-element-populated\">\n\t\t\t\t\t\t\t<div class=\"elementor-widget-wrap\">\n\t\t\t\t\t\t<section class=\"elementor-section elementor-top-section elementor-element elementor-element-6d3dd68 scheme_dark ma-carrers-form elementor-section-full_width elementor-section-height-default elementor-section-height-default\" data-id=\"6d3dd68\" data-element_type=\"section\">\n\t\t\t\t\t\t<div class=\"elementor-container elementor-column-gap-wide\">\n\t\t\t\t\t\t\t<div class=\"elementor-row\">\n\t\t\t\t\t<div class=\"elementor-column elementor-col-100 elementor-top-column elementor-element elementor-element-3d34d92 sc_inner_width_none sc_layouts_column_icons_position_left\" data-id=\"3d34d92\" data-element_type=\"column\">\n\t\t\t<div class=\"elementor-column-wrap elementor-element-populated\">\n\t\t\t\t\t\t\t<div class=\"elementor-widget-wrap\">\n\t\t\t\t\t\t<div class=\"elementor-element elementor-element-edc1c57 sc_fly_static elementor-widget elementor-widget-spacer\" data-id=\"edc1c57\" data-element_type=\"widget\" data-widget_type=\"spacer.default\">\n\t\t\t\t<div class=\"elementor-widget-container\">\n\t\t\t\t\t<div class=\"elementor-spacer\">\n\t\t\t<div class=\"elementor-spacer-inner\"><\/div>\n\t\t<\/div>\n\t\t\t\t<\/div>\n\t\t\t\t<\/div>\n\t\t\t\t<div class=\"elementor-element elementor-element-3e5b79d sc_fly_static elementor-widget elementor-widget-trx_sc_title\" data-id=\"3e5b79d\" data-element_type=\"widget\" data-widget_type=\"trx_sc_title.default\">\n\t\t\t\t<div class=\"elementor-widget-container\">\n\t\t\t<div id=\"trx_sc_title_571872008\"\n\t\tclass=\"sc_title sc_title_default\"><h2 class=\"sc_item_title sc_title_title sc_align_center sc_item_title_style_default\"><span class=\"sc_item_title_text\">Enviar Candidatura<\/span><\/h2><div class=\"sc_item_descr sc_title_descr sc_align_center\"><p>&nbsp;<\/p>\n<\/div><\/div><!-- \/.sc_title -->\t\t<\/div>\n\t\t\t\t<\/div>\n\t\t\t\t<div class=\"elementor-element elementor-element-9d13638 ma-contactus-form sc_fly_static elementor-widget elementor-widget-shortcode\" data-id=\"9d13638\" data-element_type=\"widget\" data-widget_type=\"shortcode.default\">\n\t\t\t\t<div class=\"elementor-widget-container\">\n\t\t\t\t\t<div class=\"elementor-shortcode\">\n<div class=\"wpcf7 no-js\" id=\"wpcf7-f8098-o1\" lang=\"pt-PT\" dir=\"ltr\">\n<div class=\"screen-reader-response\"><p role=\"status\" aria-live=\"polite\" aria-atomic=\"true\"><\/p> <ul><\/ul><\/div>\n<form action=\"\/pt-pt\/wp-json\/wp\/v2\/pages\/8002#wpcf7-f8098-o1\" method=\"post\" class=\"wpcf7-form init\" aria-label=\"Formul\u00e1rio de contacto\" enctype=\"multipart\/form-data\" novalidate=\"novalidate\" data-status=\"init\">\n<div style=\"display: none;\">\n<input type=\"hidden\" name=\"_wpcf7\" value=\"8098\" \/>\n<input type=\"hidden\" name=\"_wpcf7_version\" value=\"5.8.4\" \/>\n<input type=\"hidden\" name=\"_wpcf7_locale\" value=\"pt_PT\" \/>\n<input type=\"hidden\" name=\"_wpcf7_unit_tag\" value=\"wpcf7-f8098-o1\" \/>\n<input type=\"hidden\" name=\"_wpcf7_container_post\" value=\"0\" \/>\n<input type=\"hidden\" name=\"_wpcf7_posted_data_hash\" value=\"\" \/>\n<input type=\"hidden\" name=\"_wpcf7_recaptcha_response\" value=\"\" \/>\n<\/div>\n<div class=\"pearsonspecter_typography_form\">\n\t<div class=\"pearsonspecter_typography_form_input_wrapper\">\n\t\t<div class=\"pearson_custom_form_required_field\">\n\t\t\t<p><span class=\"wpcf7-form-control-wrap\" data-name=\"ma-careers-first-name\"><input size=\"40\" class=\"wpcf7-form-control wpcf7-text wpcf7-validates-as-required\" aria-required=\"true\" aria-invalid=\"false\" placeholder=\"Nome\" value=\"\" type=\"text\" name=\"ma-careers-first-name\" \/><\/span>\n\t\t\t<\/p>\n\t\t<\/div>\n\t\t<div class=\"pearson_custom_form_required_field\">\n\t\t\t<p><span class=\"wpcf7-form-control-wrap\" data-name=\"ma-careers-last-name\"><input size=\"40\" class=\"wpcf7-form-control wpcf7-text wpcf7-validates-as-required\" aria-required=\"true\" aria-invalid=\"false\" value=\"Apelido\" type=\"text\" name=\"ma-careers-last-name\" \/><\/span>\n\t\t\t<\/p>\n\t\t<\/div>\n\t<\/div>\n\t<div class=\"pearsonspecter_typography_form_input_wrapper\">\n\t\t<div class=\"pearson_custom_form_required_field\">\n\t\t\t<p><span class=\"wpcf7-form-control-wrap\" data-name=\"ma-careers-email\"><input size=\"40\" class=\"wpcf7-form-control wpcf7-email wpcf7-validates-as-required wpcf7-text wpcf7-validates-as-email\" aria-required=\"true\" aria-invalid=\"false\" placeholder=\"E-mail\" value=\"\" type=\"email\" name=\"ma-careers-email\" \/><\/span>\n\t\t\t<\/p>\n\t\t<\/div>\n\t\t<div class=\"pearson_custom_form_required_field\">\n\t\t\t<p><span class=\"wpcf7-form-control-wrap\" data-name=\"ma-careers-position\"><select class=\"wpcf7-form-control wpcf7-select wpcf7-validates-as-required\" aria-required=\"true\" aria-invalid=\"false\" name=\"ma-careers-position\"><option value=\"Escolha a Posi\u00e7\u00e3o\">Escolha a Posi\u00e7\u00e3o<\/option><option value=\"Advogado\">Advogado<\/option><option value=\"Advogado Estagi\u00e1rio\">Advogado Estagi\u00e1rio<\/option><option value=\"Est\u00e1gio de Ver\u00e3o\">Est\u00e1gio de Ver\u00e3o<\/option><option value=\"Administrativo - Secret\u00e1ria\">Administrativo - Secret\u00e1ria<\/option><option value=\"Administrativo - Contabilidade\">Administrativo - Contabilidade<\/option><option value=\"Administrativo - Marketing\">Administrativo - Marketing<\/option><option value=\"Administrativo - Outros\">Administrativo - Outros<\/option><\/select><\/span>\n\t\t\t<\/p>\n\t\t<\/div>\n\t<\/div>\n\t<div class=\"pearson_custom_form_required_field\">\n\t\t<p><span class=\"wpcf7-form-control-wrap\" data-name=\"ma-careers-cover-message\"><textarea cols=\"40\" rows=\"10\" class=\"wpcf7-form-control wpcf7-textarea wpcf7-validates-as-required\" aria-required=\"true\" aria-invalid=\"false\" placeholder=\"Mensagem\" name=\"ma-careers-cover-message\"><\/textarea><\/span>\n\t\t<\/p>\n\t<\/div>\n\t<div class=\"pearson_custom_form_required_field\">\n\t\t<p><label class=\"attachment\">Carregar CV:<\/label><span class=\"wpcf7-form-control-wrap\" data-name=\"ma-careers-attachment\"><input size=\"40\" class=\"wpcf7-form-control wpcf7-file wpcf7-validates-as-required\" accept=\".pdf\" aria-required=\"true\" aria-invalid=\"false\" type=\"file\" name=\"ma-careers-attachment\" \/><\/span><span class=\"ma-careers-attachment-note\"><strong>Aten\u00e7\u00e3o: apenas ficheiro .pdf s\u00e3o aceites.<\/strong><\/span>\n\t\t<\/p>\n\t<\/div>\n\t<div style=\"padding-top:20px;\">\n\t\t<p>Os dados ora recolhidos ser\u00e3o tratados por parte de Manuela Ant\u00f3nio \u2013 Advogados e Notariado (\u201cMA\u201d), na qualidade de respons\u00e1vel pelo tratamento. A informa\u00e7\u00e3o \u00e9 tratada por parte de MA para efeitos de gest\u00e3o de contactos, bem como para a presta\u00e7\u00e3o de esclarecimentos ou informa\u00e7\u00f5es solicitadas pelo titular dos dados consentindo.<br \/>\nOs campos marcados com * s\u00e3o obrigat\u00f3rios. O seu pedido n\u00e3o pode ser enviado, caso n\u00e3o forne\u00e7a as informa\u00e7\u00f5es solicitadas.<br \/>\nPara mais informa\u00e7\u00f5es aceda \u00e0 nossa <a href=\"https:\/\/mantonio.net\/pt-pt\/politica-de-privacidade\/\">Pol\u00edtica de Privacidade<\/a>.\n\t\t<\/p>\n\t<\/div>\n\t<div>\n\t\t<p><span class=\"wpcf7-form-control-wrap\" data-name=\"ma-careers-acceptance\"><span class=\"wpcf7-form-control wpcf7-acceptance\"><span class=\"wpcf7-list-item\"><label><input type=\"checkbox\" name=\"ma-careers-acceptance\" value=\"1\" aria-invalid=\"false\" \/><span class=\"wpcf7-list-item-label\">Li e aceito as condi\u00e7\u00f5es de tratamento de dados pessoais por parte de MA nos termos acima.<\/span><\/label><\/span><\/span><\/span>\n\t\t<\/p>\n\t<\/div>\n\t<div>\n\t\t<p><input class=\"wpcf7-form-control wpcf7-submit has-spinner\" type=\"submit\" value=\"Enviar Agora\" \/>\n\t\t<\/p>\n\t<\/div>\n<\/div><div class=\"wpcf7-response-output\" aria-hidden=\"true\"><\/div>\n<\/form>\n<\/div>\n<\/div>\n\t\t\t\t<\/div>\n\t\t\t\t<\/div>\n\t\t\t\t<div class=\"elementor-element elementor-element-3dc4a1e sc_fly_static elementor-widget elementor-widget-spacer\" data-id=\"3dc4a1e\" data-element_type=\"widget\" data-widget_type=\"spacer.default\">\n\t\t\t\t<div class=\"elementor-widget-container\">\n\t\t\t\t\t<div class=\"elementor-spacer\">\n\t\t\t<div class=\"elementor-spacer-inner\"><\/div>\n\t\t<\/div>\n\t\t\t\t<\/div>\n\t\t\t\t<\/div>\n\t\t\t\t\t\t<\/div>\n\t\t\t\t\t<\/div>\n\t\t<\/div>\n\t\t\t\t\t\t\t\t<\/div>\n\t\t\t\t\t<\/div>\n\t\t<\/section>\n\t\t\t\t\t\t<\/div>\n\t\t\t\t\t<\/div>\n\t\t<\/div>\n\t\t\t\t\t\t\t\t<\/div>\n\t\t\t\t\t<\/div>\n\t\t<\/section>\n\t\t\t\t\t\t\t\t\t<\/div>\n\t\t\t<\/div>\n\t\t\t\t\t<\/div>\n\t\t","protected":false},"excerpt":{"rendered":"<p>Carreiras Junte-se \u00e0 Equipa Estamos sempre interessados em conhecer pessoas que queiram fazer parte da nossa equipa. O nosso escrit\u00f3rio pode fornecer o conhecimento e a experi\u00eancia para desenvolver a sua carreira, crescer e atingir os seus objetivos profissionais. As&hellip;<\/p>\n","protected":false},"author":1,"featured_media":0,"parent":7979,"menu_order":3,"comment_status":"closed","ping_status":"closed","template":"elementor_header_footer","meta":{"footnotes":""},"acf":[],"aioseo_notices":[],"_links":{"self":[{"href":"https:\/\/mantonio.net\/pt-pt\/wp-json\/wp\/v2\/pages\/8002"}],"collection":[{"href":"https:\/\/mantonio.net\/pt-pt\/wp-json\/wp\/v2\/pages"}],"about":[{"href":"https:\/\/mantonio.net\/pt-pt\/wp-json\/wp\/v2\/types\/page"}],"author":[{"embeddable":true,"href":"https:\/\/mantonio.net\/pt-pt\/wp-json\/wp\/v2\/users\/1"}],"replies":[{"embeddable":true,"href":"https:\/\/mantonio.net\/pt-pt\/wp-json\/wp\/v2\/comments?post=8002"}],"version-history":[{"count":0,"href":"https:\/\/mantonio.net\/pt-pt\/wp-json\/wp\/v2\/pages\/8002\/revisions"}],"up":[{"embeddable":true,"href":"https:\/\/mantonio.net\/pt-pt\/wp-json\/wp\/v2\/pages\/7979"}],"wp:attachment":[{"href":"https:\/\/mantonio.net\/pt-pt\/wp-json\/wp\/v2\/media?parent=8002"}],"curies":[{"name":"wp","href":"https:\/\/api.w.org\/{rel}","templated":true}]}}